{"id":18,"date":"2022-07-25T10:58:52","date_gmt":"2022-07-25T08:58:52","guid":{"rendered":"http:\/\/babsketraily.sk\/?page_id=18"},"modified":"2025-05-05T18:18:47","modified_gmt":"2025-05-05T16:18:47","slug":"kontakt-babske-traily","status":"publish","type":"page","link":"https:\/\/babsketraily.sk\/?page_id=18","title":{"rendered":"Kontakt"},"content":{"rendered":"\n<div class=\"wp-block-cover alignfull\" style=\"min-height:305px\"><span aria-hidden=\"true\" class=\"wp-block-cover__background has-nv-light-bg-background-color has-background-dim-100 has-background-dim\"><\/span><div class=\"wp-block-cover__inner-container\">\n<div class=\"wp-container-4 wp-block-columns\">\n<div class=\"wp-container-1 wp-block-column\">\n<figure class=\"wp-block-image aligncenter is-resized icon-style is-style-rounded\"><img loading=\"lazy\" src=\"http:\/\/babsketraily.sk\/wp-content\/themes\/neve\/assets\/img\/starter-content\/icon-05.svg\" alt=\"\" width=\"48\" height=\"48\"\/><\/figure>\n\n\n\n<h3 class=\"has-text-align-center has-neve-text-color-color has-text-color\">Telef\u00f3n<\/h3>\n\n\n\n<p class=\"has-text-align-center has-neve-text-color-color has-text-color\" style=\"font-size:15px\">0905 609 315<\/p>\n<\/div>\n\n\n\n<div class=\"wp-container-2 wp-block-column\">\n<figure class=\"wp-block-image aligncenter is-resized icon-style is-style-rounded\"><img loading=\"lazy\" src=\"http:\/\/babsketraily.sk\/wp-content\/themes\/neve\/assets\/img\/starter-content\/icon-06.svg\" alt=\"\" width=\"48\" height=\"48\"\/><\/figure>\n\n\n\n<h3 class=\"has-text-align-center has-neve-text-color-color has-text-color\">Email<\/h3>\n\n\n\n<p class=\"has-text-align-center has-neve-text-color-color has-text-color\" style=\"font-size:15px\"><a href=\"https:\/\/admin.websupport.sk\/sk\/email\/mailbox\/loginInformation\/2240725?domainId=794282&amp;mailboxId=1298333&amp;domain=babsketraily.sk\"> <a href=\"https:\/\/admin.websupport.sk\/sk\/email\/mailbox\/loginInformation\/2240725?domainId=794282&amp;mailboxId=1298333&amp;domain=babsketraily.sk\">babsketraily@gmail.com<\/a><\/a><\/p>\n<\/div>\n\n\n\n<div class=\"wp-container-3 wp-block-column\">\n<figure class=\"wp-block-image aligncenter is-resized icon-style is-style-rounded\"><img loading=\"lazy\" src=\"http:\/\/babsketraily.sk\/wp-content\/themes\/neve\/assets\/img\/starter-content\/icon-04.svg\" alt=\"\" width=\"48\" height=\"48\"\/><\/figure>\n\n\n\n<h3 class=\"has-text-align-center has-neve-text-color-color has-text-color\">Lokalita<\/h3>\n\n\n\n<p class=\"has-text-align-center has-neve-text-color-color has-text-color\" style=\"font-size:15px\">Pezinsk\u00e1 Baba<\/p>\n<\/div>\n<\/div>\n<\/div><\/div>\n\n\n\n<p><\/p>\n\n\n\n<p><strong>Faktura\u010dn\u00e9 \u00fadaje: <\/strong><\/p>\n\n\n\n<div class=\"wp-container-6 is-vertical wp-block-group\" style=\"border-radius:0px\">\n<div class=\"wp-container-5 is-vertical wp-block-group\">\n<p>Babsk\u00e9 traily,o.z.                                                <\/p>\n\n\n\n<p>Ban\u00edcka 2121\/8, 902 01 Pezinok   <\/p>\n\n\n\n<p>I\u010cO: 42412544<\/p>\n<\/div>\n\n\n\n<p><meta charset=\"utf-8\">IBAN<strong>:<\/strong> SK34 8330 0000 0027 0088 8433<\/p>\n\n\n\n<p><meta charset=\"utf-8\">Kontakt: \u202d0903 423 062\u202c<\/p>\n<\/div>\n\n\n\n<p><\/p>\n\n\n\n<p><strong>Nach\u00e1dzame sa na kopci s n\u00e1zvom Pezinsk\u00e1 Baba, ktor\u00fd le\u017e\u00ed v srdci Mal\u00fdch Karp\u00e1t.<\/strong><\/p>\n\n\n\n<p>Traily sa nach\u00e1dzaj\u00fa, v ly\u017eiarskom stredisku Pezinsk\u00e1 Baba. V pl\u00e1ne je pravideln\u00e1 prev\u00e1dzka vlekov po\u010das letnej cyklistickej sez\u00f3ny. Traily je v\u0161ak mo\u017en\u00e9 jazdi\u0165 aj mimo prev\u00e1dzky vlekov, v\u00fd\u0161lapom po zna\u010den\u00fdch cyklistick\u00fdch tras\u00e1ch, alebo po na\u0161om v\u00fd\u0161lapovom traily. <\/p>\n\n\n\n<p><\/p>\n\n\n\n<p><\/p>\n\n\n\n<p><\/p>\n\n\n\n<p><\/p>\n","protected":false},"excerpt":{"rendered":"<p>Faktura\u010dn\u00e9 \u00fadaje: Babsk\u00e9 traily,o.z. Ban\u00edcka 2121\/8, 902 01 Pezinok I\u010cO: 42412544 IBAN: SK34 8330 0000 0027 0088 8433 Kontakt: \u202d0903 423 062\u202c Nach\u00e1dzame sa na kopci s n\u00e1zvom Pezinsk\u00e1 Baba, ktor\u00fd le\u017e\u00ed v srdci Mal\u00fdch Karp\u00e1t. Traily sa nach\u00e1dzaj\u00fa, v ly\u017eiarskom stredisku Pezinsk\u00e1 Baba. V pl\u00e1ne je pravideln\u00e1 prev\u00e1dzka vlekov po\u010das letnej cyklistickej sez\u00f3ny. Traily&hellip;&nbsp;<a href=\"https:\/\/babsketraily.sk\/?page_id=18\" class=\"\" rel=\"bookmark\">\u010c\u00edta\u0165 viac &raquo;<span class=\"screen-reader-text\">Kontakt<\/span><\/a><\/p>\n","protected":false},"author":1,"featured_media":0,"parent":0,"menu_order":0,"comment_status":"closed","ping_status":"closed","template":"","meta":{"_monsterinsights_skip_tracking":false,"_monsterinsights_sitenote_active":false,"_monsterinsights_sitenote_note":"","_monsterinsights_sitenote_category":0,"neve_meta_sidebar":"","neve_meta_container":"contained","neve_meta_enable_content_width":"on","neve_meta_content_width":80,"neve_meta_title_alignment":"left","neve_meta_author_avatar":"","neve_post_elements_order":"","neve_meta_disable_header":"","neve_meta_disable_footer":"","neve_meta_disable_title":"on"},"yoast_head":"<!-- This site is optimized with the Yoast SEO plugin v19.3 - https:\/\/yoast.com\/wordpress\/plugins\/seo\/ -->\n<title>Babsk\u00e9 Traily - Kontakt<\/title>\n<meta name=\"robots\" content=\"index, follow, max-snippet:-1, max-image-preview:large, max-video-preview:-1\" \/>\n<link rel=\"canonical\" href=\"https:\/\/babsketraily.sk\/?page_id=18\" \/>\n<meta property=\"og:locale\" content=\"sk_SK\" \/>\n<meta property=\"og:type\" content=\"article\" \/>\n<meta property=\"og:title\" content=\"Babsk\u00e9 Traily - Kontakt\" \/>\n<meta property=\"og:description\" content=\"Faktura\u010dn\u00e9 \u00fadaje: Babsk\u00e9 traily,o.z. Ban\u00edcka 2121\/8, 902 01 Pezinok I\u010cO: 42412544 IBAN: SK34 8330 0000 0027 0088 8433 Kontakt: \u202d0903 423 062\u202c Nach\u00e1dzame sa na kopci s n\u00e1zvom Pezinsk\u00e1 Baba, ktor\u00fd le\u017e\u00ed v srdci Mal\u00fdch Karp\u00e1t. Traily sa nach\u00e1dzaj\u00fa, v ly\u017eiarskom stredisku Pezinsk\u00e1 Baba. V pl\u00e1ne je pravideln\u00e1 prev\u00e1dzka vlekov po\u010das letnej cyklistickej sez\u00f3ny. Traily&hellip;&nbsp;\u010c\u00edta\u0165 viac &raquo;Kontakt\" \/>\n<meta property=\"og:url\" content=\"https:\/\/babsketraily.sk\/?page_id=18\" \/>\n<meta property=\"og:site_name\" content=\"Babsk\u00e9 Traily\" \/>\n<meta property=\"article:publisher\" content=\"https:\/\/www.facebook.com\/babatrails\" \/>\n<meta property=\"article:modified_time\" content=\"2025-05-05T16:18:47+00:00\" \/>\n<meta property=\"og:image\" content=\"http:\/\/babsketraily.sk\/wp-content\/themes\/neve\/assets\/img\/starter-content\/icon-05.svg\" \/>\n<meta name=\"twitter:card\" content=\"summary_large_image\" \/>\n<meta name=\"twitter:label1\" content=\"Predpokladan\u00fd \u010das \u010d\u00edtania\" \/>\n\t<meta name=\"twitter:data1\" content=\"2 min\u00faty\" \/>\n<script type=\"application\/ld+json\" class=\"yoast-schema-graph\">{\"@context\":\"https:\/\/schema.org\",\"@graph\":[{\"@type\":\"Organization\",\"@id\":\"http:\/\/babsketraily.sk\/#organization\",\"name\":\"Babsk\u00e9 Traily\",\"url\":\"http:\/\/babsketraily.sk\/\",\"sameAs\":[\"https:\/\/www.instagram.com\/babske_traily\/\",\"https:\/\/www.facebook.com\/babatrails\"],\"logo\":{\"@type\":\"ImageObject\",\"inLanguage\":\"sk-SK\",\"@id\":\"http:\/\/babsketraily.sk\/#\/schema\/logo\/image\/\",\"url\":\"https:\/\/babsketraily.sk\/wp-content\/uploads\/2022\/07\/cropped-babske-logo.png\",\"contentUrl\":\"https:\/\/babsketraily.sk\/wp-content\/uploads\/2022\/07\/cropped-babske-logo.png\",\"width\":200,\"height\":200,\"caption\":\"Babsk\u00e9 Traily \"},\"image\":{\"@id\":\"http:\/\/babsketraily.sk\/#\/schema\/logo\/image\/\"}},{\"@type\":\"WebSite\",\"@id\":\"http:\/\/babsketraily.sk\/#website\",\"url\":\"http:\/\/babsketraily.sk\/\",\"name\":\"Babsk\u00e9 Traily\",\"description\":\"Traily na pezinskej babe \",\"publisher\":{\"@id\":\"http:\/\/babsketraily.sk\/#organization\"},\"potentialAction\":[{\"@type\":\"SearchAction\",\"target\":{\"@type\":\"EntryPoint\",\"urlTemplate\":\"http:\/\/babsketraily.sk\/?s={search_term_string}\"},\"query-input\":\"required name=search_term_string\"}],\"inLanguage\":\"sk-SK\"},{\"@type\":\"ImageObject\",\"inLanguage\":\"sk-SK\",\"@id\":\"https:\/\/babsketraily.sk\/?page_id=18#primaryimage\",\"url\":\"http:\/\/babsketraily.sk\/wp-content\/themes\/neve\/assets\/img\/starter-content\/icon-05.svg\",\"contentUrl\":\"http:\/\/babsketraily.sk\/wp-content\/themes\/neve\/assets\/img\/starter-content\/icon-05.svg\"},{\"@type\":\"WebPage\",\"@id\":\"https:\/\/babsketraily.sk\/?page_id=18\",\"url\":\"https:\/\/babsketraily.sk\/?page_id=18\",\"name\":\"Babsk\u00e9 Traily - Kontakt\",\"isPartOf\":{\"@id\":\"http:\/\/babsketraily.sk\/#website\"},\"primaryImageOfPage\":{\"@id\":\"https:\/\/babsketraily.sk\/?page_id=18#primaryimage\"},\"datePublished\":\"2022-07-25T08:58:52+00:00\",\"dateModified\":\"2025-05-05T16:18:47+00:00\",\"breadcrumb\":{\"@id\":\"https:\/\/babsketraily.sk\/?page_id=18#breadcrumb\"},\"inLanguage\":\"sk-SK\",\"potentialAction\":[{\"@type\":\"ReadAction\",\"target\":[\"https:\/\/babsketraily.sk\/?page_id=18\"]}]},{\"@type\":\"BreadcrumbList\",\"@id\":\"https:\/\/babsketraily.sk\/?page_id=18#breadcrumb\",\"itemListElement\":[{\"@type\":\"ListItem\",\"position\":1,\"name\":\"Home\",\"item\":\"http:\/\/babsketraily.sk\/\"},{\"@type\":\"ListItem\",\"position\":2,\"name\":\"Kontakt\"}]}]}<\/script>\n<!-- \/ Yoast SEO plugin. -->","yoast_head_json":{"title":"Babsk\u00e9 Traily - Kontakt","robots":{"index":"index","follow":"follow","max-snippet":"max-snippet:-1","max-image-preview":"max-image-preview:large","max-video-preview":"max-video-preview:-1"},"canonical":"https:\/\/babsketraily.sk\/?page_id=18","og_locale":"sk_SK","og_type":"article","og_title":"Babsk\u00e9 Traily - Kontakt","og_description":"Faktura\u010dn\u00e9 \u00fadaje: Babsk\u00e9 traily,o.z. Ban\u00edcka 2121\/8, 902 01 Pezinok I\u010cO: 42412544 IBAN: SK34 8330 0000 0027 0088 8433 Kontakt: \u202d0903 423 062\u202c Nach\u00e1dzame sa na kopci s n\u00e1zvom Pezinsk\u00e1 Baba, ktor\u00fd le\u017e\u00ed v srdci Mal\u00fdch Karp\u00e1t. Traily sa nach\u00e1dzaj\u00fa, v ly\u017eiarskom stredisku Pezinsk\u00e1 Baba. V pl\u00e1ne je pravideln\u00e1 prev\u00e1dzka vlekov po\u010das letnej cyklistickej sez\u00f3ny. Traily&hellip;&nbsp;\u010c\u00edta\u0165 viac &raquo;Kontakt","og_url":"https:\/\/babsketraily.sk\/?page_id=18","og_site_name":"Babsk\u00e9 Traily","article_publisher":"https:\/\/www.facebook.com\/babatrails","article_modified_time":"2025-05-05T16:18:47+00:00","og_image":[{"url":"http:\/\/babsketraily.sk\/wp-content\/themes\/neve\/assets\/img\/starter-content\/icon-05.svg"}],"twitter_card":"summary_large_image","twitter_misc":{"Predpokladan\u00fd \u010das \u010d\u00edtania":"2 min\u00faty"},"schema":{"@context":"https:\/\/schema.org","@graph":[{"@type":"Organization","@id":"http:\/\/babsketraily.sk\/#organization","name":"Babsk\u00e9 Traily","url":"http:\/\/babsketraily.sk\/","sameAs":["https:\/\/www.instagram.com\/babske_traily\/","https:\/\/www.facebook.com\/babatrails"],"logo":{"@type":"ImageObject","inLanguage":"sk-SK","@id":"http:\/\/babsketraily.sk\/#\/schema\/logo\/image\/","url":"https:\/\/babsketraily.sk\/wp-content\/uploads\/2022\/07\/cropped-babske-logo.png","contentUrl":"https:\/\/babsketraily.sk\/wp-content\/uploads\/2022\/07\/cropped-babske-logo.png","width":200,"height":200,"caption":"Babsk\u00e9 Traily "},"image":{"@id":"http:\/\/babsketraily.sk\/#\/schema\/logo\/image\/"}},{"@type":"WebSite","@id":"http:\/\/babsketraily.sk\/#website","url":"http:\/\/babsketraily.sk\/","name":"Babsk\u00e9 Traily","description":"Traily na pezinskej babe ","publisher":{"@id":"http:\/\/babsketraily.sk\/#organization"},"potentialAction":[{"@type":"SearchAction","target":{"@type":"EntryPoint","urlTemplate":"http:\/\/babsketraily.sk\/?s={search_term_string}"},"query-input":"required name=search_term_string"}],"inLanguage":"sk-SK"},{"@type":"ImageObject","inLanguage":"sk-SK","@id":"https:\/\/babsketraily.sk\/?page_id=18#primaryimage","url":"http:\/\/babsketraily.sk\/wp-content\/themes\/neve\/assets\/img\/starter-content\/icon-05.svg","contentUrl":"http:\/\/babsketraily.sk\/wp-content\/themes\/neve\/assets\/img\/starter-content\/icon-05.svg"},{"@type":"WebPage","@id":"https:\/\/babsketraily.sk\/?page_id=18","url":"https:\/\/babsketraily.sk\/?page_id=18","name":"Babsk\u00e9 Traily - Kontakt","isPartOf":{"@id":"http:\/\/babsketraily.sk\/#website"},"primaryImageOfPage":{"@id":"https:\/\/babsketraily.sk\/?page_id=18#primaryimage"},"datePublished":"2022-07-25T08:58:52+00:00","dateModified":"2025-05-05T16:18:47+00:00","breadcrumb":{"@id":"https:\/\/babsketraily.sk\/?page_id=18#breadcrumb"},"inLanguage":"sk-SK","potentialAction":[{"@type":"ReadAction","target":["https:\/\/babsketraily.sk\/?page_id=18"]}]},{"@type":"BreadcrumbList","@id":"https:\/\/babsketraily.sk\/?page_id=18#breadcrumb","itemListElement":[{"@type":"ListItem","position":1,"name":"Home","item":"http:\/\/babsketraily.sk\/"},{"@type":"ListItem","position":2,"name":"Kontakt"}]}]}},"_links":{"self":[{"href":"https:\/\/babsketraily.sk\/index.php?rest_route=\/wp\/v2\/pages\/18"}],"collection":[{"href":"https:\/\/babsketraily.sk\/index.php?rest_route=\/wp\/v2\/pages"}],"about":[{"href":"https:\/\/babsketraily.sk\/index.php?rest_route=\/wp\/v2\/types\/page"}],"author":[{"embeddable":true,"href":"https:\/\/babsketraily.sk\/index.php?rest_route=\/wp\/v2\/users\/1"}],"replies":[{"embeddable":true,"href":"https:\/\/babsketraily.sk\/index.php?rest_route=%2Fwp%2Fv2%2Fcomments&post=18"}],"version-history":[{"count":6,"href":"https:\/\/babsketraily.sk\/index.php?rest_route=\/wp\/v2\/pages\/18\/revisions"}],"predecessor-version":[{"id":288,"href":"https:\/\/babsketraily.sk\/index.php?rest_route=\/wp\/v2\/pages\/18\/revisions\/288"}],"wp:attachment":[{"href":"https:\/\/babsketraily.sk\/index.php?rest_route=%2Fwp%2Fv2%2Fmedia&parent=18"}],"curies":[{"name":"wp","href":"https:\/\/api.w.org\/{rel}","templated":true}]}}